{"id":467,"date":"2021-05-07T17:04:25","date_gmt":"2021-05-07T17:04:25","guid":{"rendered":"https:\/\/www.infomast.com.ar\/?page_id=467"},"modified":"2021-05-25T17:03:17","modified_gmt":"2021-05-25T17:03:17","slug":"front-page","status":"publish","type":"page","link":"https:\/\/www.infomast.com.ar\/","title":{"rendered":"Front Page"},"content":{"rendered":"\t\t<div data-elementor-type=\"wp-post\" data-elementor-id=\"467\" class=\"elementor elementor-467\" data-elementor-settings=\"[]\">\n\t\t\t\t\t\t\t<div class=\"elementor-section-wrap\">\n\t\t\t\t\t\t\t<section class=\"elementor-section elementor-top-section elementor-element elementor-element-24121fa elementor-section-full_width elementor-section-content-middle elementor-section-height-default elementor-section-height-default\" data-id=\"24121fa\" data-element_type=\"section\" data-settings=\"{&quot;background_background&quot;:&quot;slideshow&quot;,&quot;background_slideshow_gallery&quot;:[{&quot;id&quot;:471,&quot;url&quot;:&quot;https:\\\/\\\/www.infomast.com.ar\\\/wp-content\\\/uploads\\\/2021\\\/05\\\/cow-3-1545957-1280x960-1.jpg&quot;},{&quot;id&quot;:470,&quot;url&quot;:&quot;https:\\\/\\\/www.infomast.com.ar\\\/wp-content\\\/uploads\\\/2021\\\/05\\\/close-up-view-on-bucket-milking-cows-at-the-animal-barn-LOW.jpg&quot;},{&quot;id&quot;:472,&quot;url&quot;:&quot;https:\\\/\\\/www.infomast.com.ar\\\/wp-content\\\/uploads\\\/2021\\\/05\\\/cow-grazing-in-the-meadow-LOW.jpg&quot;}],&quot;background_slideshow_loop&quot;:&quot;yes&quot;,&quot;background_slideshow_slide_duration&quot;:5000,&quot;background_slideshow_slide_transition&quot;:&quot;fade&quot;,&quot;background_slideshow_transition_duration&quot;:500}\">\n\t\t\t\t\t\t\t<div class=\"elementor-background-overlay\"><\/div>\n\t\t\t\t\t\t\t<div class=\"elementor-container elementor-column-gap-no\">\n\t\t\t\t\t<div class=\"elementor-column elementor-col-100 elementor-top-column elementor-element elementor-element-5f9d82c\" data-id=\"5f9d82c\" data-element_type=\"column\">\n\t\t\t<div class=\"elementor-widget-wrap elementor-element-populated\">\n\t\t\t\t\t\t\t\t<div class=\"elementor-element elementor-element-4e8ccbd elementor-widget elementor-widget-heading\" data-id=\"4e8ccbd\" data-element_type=\"widget\" data-widget_type=\"heading.default\">\n\t\t\t\t<div class=\"elementor-widget-container\">\n\t\t\t<h4 class=\"elementor-heading-title elementor-size-default\">La Soluci\u00f3n a sus tratamientos<\/h4>\t\t<\/div>\n\t\t\t\t<\/div>\n\t\t\t\t\t<\/div>\n\t\t<\/div>\n\t\t\t\t\t\t\t<\/div>\n\t\t<\/section>\n\t\t\t\t<section class=\"elementor-section elementor-top-section elementor-element elementor-element-45fb426 elementor-section-content-middle elementor-section-boxed elementor-section-height-default elementor-section-height-default\" data-id=\"45fb426\" data-element_type=\"section\" data-settings=\"{&quot;background_background&quot;:&quot;classic&quot;}\">\n\t\t\t\t\t\t<div class=\"elementor-container elementor-column-gap-no\">\n\t\t\t\t\t<div class=\"elementor-column elementor-col-100 elementor-top-column elementor-element elementor-element-33150ac\" data-id=\"33150ac\" data-element_type=\"column\">\n\t\t\t<div class=\"elementor-widget-wrap elementor-element-populated\">\n\t\t\t\t\t\t\t\t<div class=\"elementor-element elementor-element-fd638f1 elementor-widget elementor-widget-heading\" data-id=\"fd638f1\" data-element_type=\"widget\" data-widget_type=\"heading.default\">\n\t\t\t\t<div class=\"elementor-widget-container\">\n\t\t\t<h3 class=\"elementor-heading-title elementor-size-small\"><br>Nuestra Historia<\/h3>\t\t<\/div>\n\t\t\t\t<\/div>\n\t\t\t\t\t<\/div>\n\t\t<\/div>\n\t\t\t\t\t\t\t<\/div>\n\t\t<\/section>\n\t\t\t\t<section class=\"elementor-section elementor-top-section elementor-element elementor-element-42c7352 elementor-section-boxed elementor-section-height-default elementor-section-height-default\" data-id=\"42c7352\" data-element_type=\"section\" data-settings=\"{&quot;background_background&quot;:&quot;classic&quot;}\">\n\t\t\t\t\t\t<div class=\"elementor-container elementor-column-gap-default\">\n\t\t\t\t\t<div class=\"elementor-column elementor-col-100 elementor-top-column elementor-element elementor-element-65282ce\" data-id=\"65282ce\" data-element_type=\"column\">\n\t\t\t<div class=\"elementor-widget-wrap elementor-element-populated\">\n\t\t\t\t\t\t\t\t<div class=\"elementor-element elementor-element-440d92c elementor-widget elementor-widget-text-editor\" data-id=\"440d92c\" data-element_type=\"widget\" data-widget_type=\"text-editor.default\">\n\t\t\t\t<div class=\"elementor-widget-container\">\n\t\t\t\t\t\t\t\t<p>\u00a0<\/p><p>20 a\u00f1os asesorando tambos en cuestiones referidas a rutinas de orde\u00f1o, calidad de leche y mastitis, llevaron a pensar en la urgente necesidad de innovar en un \u00e1rea en la cual la inform\u00e1tica no hab\u00eda encontrado respuestas concretas aun. La alta tecnificaci\u00f3n de los tambos, contrastaba con la antigua manera de registrar y gestionar los tratamientos contra mastitis cl\u00ednica.<\/p><p>El software fue desarrollado con el objetivo de brindar una herramienta de ayuda al operario responsable de los tratamientos, por lo que desde su origen fue pensado para que la carga de la informaci\u00f3n sea simple y sencilla ya que deb\u00eda ser el mismo tambero qui\u00e9n lo haga.<\/p><p>Al mismo tiempo, los datos cargados van generando un historial de informaci\u00f3n que ofrece la oportunidad de almacenar y analizar, logrando un beneficio extra y tan importante como el primero, que es la ayuda en la toma de decisiones referidas a los tratamientos y a las vacas tratadas.<\/p><p>La solidez t\u00e9cnica de la gente que conoce y entiende el oficio y la simplicidad operativa fueron lemas que marcaron el camino inicial de \u00e9sta herramienta.<\/p><p>\u00a0<\/p><p>\u00a0<\/p>\t\t\t\t\t\t<\/div>\n\t\t\t\t<\/div>\n\t\t\t\t\t<\/div>\n\t\t<\/div>\n\t\t\t\t\t\t\t<\/div>\n\t\t<\/section>\n\t\t\t\t<section class=\"elementor-section elementor-top-section elementor-element elementor-element-66737217 ops-section elementor-section-boxed elementor-section-height-default elementor-section-height-default\" data-id=\"66737217\" data-element_type=\"section\" data-settings=\"{&quot;background_background&quot;:&quot;classic&quot;,&quot;ekit_has_onepagescroll&quot;:&quot;section&quot;}\">\n\t\t\t\t\t\t<div class=\"elementor-container elementor-column-gap-custom\">\n\t\t\t\t\t<div class=\"elementor-column elementor-col-100 elementor-top-column elementor-element elementor-element-68feaab7\" data-id=\"68feaab7\" data-element_type=\"column\">\n\t\t\t<div class=\"elementor-widget-wrap elementor-element-populated\">\n\t\t\t\t\t\t\t\t<div class=\"elementor-element elementor-element-51d1b0a1 elementor-widget elementor-widget-elementskit-social-media\" data-id=\"51d1b0a1\" data-element_type=\"widget\" data-widget_type=\"elementskit-social-media.default\">\n\t\t\t\t<div class=\"elementor-widget-container\">\n\t\t\t<div class=\"ekit-wid-con\" >\t\t\t <ul class=\"ekit_social_media\">\n\t\t\t\t\t\t\t\t\t\t\t\t\t\t<li class=\"elementor-repeater-item-8836016\">\n\t\t\t\t\t    <a\n\t\t\t\t\t\thref=\"https:\/\/www.facebook.com\/infomast.com.ar\/\" class=\"2\" >\n\t\t\t\t\t\t\t\t\t\t\t\t\t\t\n\t\t\t\t\t\t\t<i aria-hidden=\"true\" class=\"icon icon-facebook-2\"><\/i>\t\t\t\t\t\t\t\t\t\n                                                                                    Facebook                                                                                <\/a>\n                    <\/li>\n                    \t\t\t\t\t\t\t\t\t\t\t\t\t\t<li class=\"elementor-repeater-item-1ab062c\">\n\t\t\t\t\t    <a\n\t\t\t\t\t\thref=\"https:\/\/www.youtube.com\/channel\/UCpP7BHFmW5yUbVrow-lo1Mw\" class=\"v\" >\n\t\t\t\t\t\t\t\t\t\t\t\t\t\t\n\t\t\t\t\t\t\t<i aria-hidden=\"true\" class=\"icon icon-youtube-v\"><\/i>\t\t\t\t\t\t\t\t\t\n                                                                                    Youtube                                                                                <\/a>\n                    <\/li>\n                    \t\t\t\t\t\t\t\t\t\t\t\t\t\t<li class=\"elementor-repeater-item-14b5314\">\n\t\t\t\t\t    <a\n\t\t\t\t\t\thref=\"https:\/\/www.instagram.com\/infoMast_ok\/\" class=\"instagram\" >\n\t\t\t\t\t\t\t\t\t\t\t\t\t\t\n\t\t\t\t\t\t\t<i aria-hidden=\"true\" class=\"fab fa-instagram\"><\/i>\t\t\t\t\t\t\t\t\t\n                                                                                    Linkedin                                                                                <\/a>\n                    <\/li>\n                    \t\t\t\t\t\t\t<\/ul>\n\t\t <\/div>\t\t<\/div>\n\t\t\t\t<\/div>\n\t\t\t\t\t<\/div>\n\t\t<\/div>\n\t\t\t\t\t\t\t<\/div>\n\t\t<\/section>\n\t\t\t\t\t\t<\/div>\n\t\t\t\t\t<\/div>\n\t\t","protected":false},"excerpt":{"rendered":"<p>La Soluci\u00f3n a sus tratamientos Nuestra Historia \u00a0 20 a\u00f1os asesorando tambos en cuestiones referidas a rutinas de orde\u00f1o, calidad de leche y mastitis, llevaron a pensar en la urgente necesidad de innovar en un \u00e1rea en la cual la inform\u00e1tica no hab\u00eda encontrado respuestas concretas aun. La alta tecnificaci\u00f3n de los tambos, contrastaba con &hellip;<\/p>\n<p class=\"read-more\"> <a class=\"\" href=\"https:\/\/www.infomast.com.ar\/\"> <span class=\"screen-reader-text\">Front Page<\/span> Read More &raquo;<\/a><\/p>\n","protected":false},"author":2,"featured_media":0,"parent":0,"menu_order":1,"comment_status":"closed","ping_status":"closed","template":"elementor_header_footer","meta":[],"_links":{"self":[{"href":"https:\/\/www.infomast.com.ar\/index.php\/wp-json\/wp\/v2\/pages\/467"}],"collection":[{"href":"https:\/\/www.infomast.com.ar\/index.php\/wp-json\/wp\/v2\/pages"}],"about":[{"href":"https:\/\/www.infomast.com.ar\/index.php\/wp-json\/wp\/v2\/types\/page"}],"author":[{"embeddable":true,"href":"https:\/\/www.infomast.com.ar\/index.php\/wp-json\/wp\/v2\/users\/2"}],"replies":[{"embeddable":true,"href":"https:\/\/www.infomast.com.ar\/index.php\/wp-json\/wp\/v2\/comments?post=467"}],"version-history":[{"count":37,"href":"https:\/\/www.infomast.com.ar\/index.php\/wp-json\/wp\/v2\/pages\/467\/revisions"}],"predecessor-version":[{"id":796,"href":"https:\/\/www.infomast.com.ar\/index.php\/wp-json\/wp\/v2\/pages\/467\/revisions\/796"}],"wp:attachment":[{"href":"https:\/\/www.infomast.com.ar\/index.php\/wp-json\/wp\/v2\/media?parent=467"}],"curies":[{"name":"wp","href":"https:\/\/api.w.org\/{rel}","templated":true}]}}