{"id":552,"date":"2021-05-10T18:10:30","date_gmt":"2021-05-10T18:10:30","guid":{"rendered":"https:\/\/www.infomast.com.ar\/?page_id=552"},"modified":"2021-05-25T17:04:20","modified_gmt":"2021-05-25T17:04:20","slug":"caracteristicas-del-software","status":"publish","type":"page","link":"https:\/\/www.infomast.com.ar\/index.php\/caracteristicas-del-software\/","title":{"rendered":"Caracter\u00edsticas del Software"},"content":{"rendered":"\t\t<div data-elementor-type=\"wp-page\" data-elementor-id=\"552\" class=\"elementor elementor-552\" data-elementor-settings=\"[]\">\n\t\t\t\t\t\t\t<div class=\"elementor-section-wrap\">\n\t\t\t\t\t\t\t<section class=\"elementor-section elementor-top-section elementor-element elementor-element-10ce104 elementor-section-boxed elementor-section-height-default elementor-section-height-default\" data-id=\"10ce104\" data-element_type=\"section\">\n\t\t\t\t\t\t<div class=\"elementor-container elementor-column-gap-default\">\n\t\t\t\t\t<div class=\"elementor-column elementor-col-100 elementor-top-column elementor-element elementor-element-0e7a0c1\" data-id=\"0e7a0c1\" data-element_type=\"column\">\n\t\t\t<div class=\"elementor-widget-wrap elementor-element-populated\">\n\t\t\t\t\t\t\t\t<section class=\"elementor-section elementor-inner-section elementor-element elementor-element-bc70914 elementor-section-boxed elementor-section-height-default elementor-section-height-default\" data-id=\"bc70914\" data-element_type=\"section\">\n\t\t\t\t\t\t<div class=\"elementor-container elementor-column-gap-default\">\n\t\t\t\t\t<div class=\"elementor-column elementor-col-50 elementor-inner-column elementor-element elementor-element-d1a1cac\" data-id=\"d1a1cac\" data-element_type=\"column\">\n\t\t\t<div class=\"elementor-widget-wrap elementor-element-populated\">\n\t\t\t\t\t\t\t\t<div class=\"elementor-element elementor-element-5bb7898 elementor-widget elementor-widget-heading\" data-id=\"5bb7898\" data-element_type=\"widget\" data-widget_type=\"heading.default\">\n\t\t\t\t<div class=\"elementor-widget-container\">\n\t\t\t<h2 class=\"elementor-heading-title elementor-size-default\">Descripci\u00f3n InfoMast\u00ae<\/h2>\t\t<\/div>\n\t\t\t\t<\/div>\n\t\t\t\t<div class=\"elementor-element elementor-element-a9f0e2e elementor-widget elementor-widget-text-editor\" data-id=\"a9f0e2e\" data-element_type=\"widget\" data-widget_type=\"text-editor.default\">\n\t\t\t\t<div class=\"elementor-widget-container\">\n\t\t\t\t\t\t\t\t<h5>En el manual operativo, el usuario podr\u00e1 encontrar un detalle de cada uno de los puntos incluidos en el software.<\/h5>\t\t\t\t\t\t<\/div>\n\t\t\t\t<\/div>\n\t\t\t\t\t<\/div>\n\t\t<\/div>\n\t\t\t\t<div class=\"elementor-column elementor-col-50 elementor-inner-column elementor-element elementor-element-d6834f7\" data-id=\"d6834f7\" data-element_type=\"column\">\n\t\t\t<div class=\"elementor-widget-wrap elementor-element-populated\">\n\t\t\t\t\t\t\t\t<div class=\"elementor-element elementor-element-b073dee elementor-widget elementor-widget-elementskit-accordion\" data-id=\"b073dee\" data-element_type=\"widget\" data-widget_type=\"elementskit-accordion.default\">\n\t\t\t\t<div class=\"elementor-widget-container\">\n\t\t\t<div class=\"ekit-wid-con\" >\n\n        <div class=\"elementskit-accordion accoedion-primary\" id=\"accordion-69e5ce7a9befc\">\n\n            \n                <div class=\"elementskit-card\">\n                    <div class=\"elementskit-card-header\" id=\"primaryHeading-0-b073dee\">\n                        <a href=\"#Collapse-3ff1c3369e5ce7a9befc\" class=\"ekit-accordion--toggler elementskit-btn-link collapsed\" data-ekit-toggle=\"collapse\" data-target=\"#Collapse-3ff1c3369e5ce7a9befc\" aria-expanded=\"false\" aria-controls=\"Collapse-3ff1c3369e5ce7a9befc\">\n                            \n                            <span class=\"ekit-accordion-title\">Pasos a seguir<\/span>\n\n                            \n                                <div class=\"ekit_accordion_icon_group\">\n                                    <div class=\"ekit_accordion_normal_icon\">\n                                        <!-- Normal Icon -->\n                                        <i aria-hidden=\"true\" class=\"icon-open icon-right icon icon-down-arrow1\"><\/i>                                    <\/div>\n\n                                    <div class=\"ekit_accordion_active_icon\">\n                                        <!-- Active Icon -->\n                                        <i aria-hidden=\"true\" class=\"icon-closed icon-right icon icon-up-arrow\"><\/i>                                    <\/div>\n\n                                <\/div>\n\n                            \n                                                    <\/a>\n                    <\/div>\n\n                    <div id=\"Collapse-3ff1c3369e5ce7a9befc\" class=\" collapse\" aria-labelledby=\"primaryHeading-0-b073dee\" data-parent=\"#accordion-69e5ce7a9befc\">\n\n                        <div class=\"elementskit-card-body ekit-accordion--content\">\n                            <p>B\u00e1sicamente los pasos a seguir para su utilizaci\u00f3n son los siguientes:<\/p><p>1\u00ba. Descargarlo desde la web<br \/>2\u00ba. Seleccionar con cu\u00e1ntos orde\u00f1os diarios va a ser utilizado el programa<br \/>3\u00ba. Cargar los nombres de los productos (nombres comerciales)<br \/>4\u00ba. Generar los protocolos de tratamientos (para mastitis y no mastitis)<br \/>5\u00ba. Comenzar a cargar las vacas y seleccionar el protocolo a realizar<br \/>6\u00ba. Consultar el Informe de Tratamiento en cada orde\u00f1o (imprimir)<br \/>7\u00ba. Con el paso de los d\u00edas y carga de vacas, podr\u00e1 analizar la informaci\u00f3n<\/p><p>En el punto 5\u00b0, una vez cargada la vaca a tratar y seleccionado el protocolo, el \u201cInforme de Tratamientos\u201d, dar\u00e1 un detalle turno a turno de qu\u00e9 le corresponde a cada una de ellas, incluso el momento exacto del alta.<\/p><p>Para ello, es necesario que en cada turno de orde\u00f1o, se incluya cada tratamiento que se inicia (el programa requiere que haya una PC en el tambo y no es necesario la conexi\u00f3n a internet para su funcionamiento).<\/p><p>El software considerar\u00e1 como dada de alta, a todas aquellas vacas que una vez indicadas como tal, no fueron nuevamente cargadas con un nuevo protocolo<\/p>                        <\/div>\n\n                    <\/div>\n\n                <\/div><!-- .elementskit-card END -->\n\n                \n                <div class=\"elementskit-card\">\n                    <div class=\"elementskit-card-header\" id=\"primaryHeading-1-b073dee\">\n                        <a href=\"#Collapse-b9959a669e5ce7a9befc\" class=\"ekit-accordion--toggler elementskit-btn-link collapsed\" data-ekit-toggle=\"collapse\" data-target=\"#Collapse-b9959a669e5ce7a9befc\" aria-expanded=\"false\" aria-controls=\"Collapse-b9959a669e5ce7a9befc\">\n                            \n                            <span class=\"ekit-accordion-title\">\u00bfC\u00f3mo cargar un protocolo de tratamiento a una vaca?<\/span>\n\n                            \n                                <div class=\"ekit_accordion_icon_group\">\n                                    <div class=\"ekit_accordion_normal_icon\">\n                                        <!-- Normal Icon -->\n                                        <i aria-hidden=\"true\" class=\"icon-open icon-right icon icon-down-arrow1\"><\/i>                                    <\/div>\n\n                                    <div class=\"ekit_accordion_active_icon\">\n                                        <!-- Active Icon -->\n                                        <i aria-hidden=\"true\" class=\"icon-closed icon-right icon icon-up-arrow\"><\/i>                                    <\/div>\n\n                                <\/div>\n\n                            \n                                                    <\/a>\n                    <\/div>\n\n                    <div id=\"Collapse-b9959a669e5ce7a9befc\" class=\" collapse\" aria-labelledby=\"primaryHeading-1-b073dee\" data-parent=\"#accordion-69e5ce7a9befc\">\n\n                        <div class=\"elementskit-card-body ekit-accordion--content\">\n                            <p>Todo se encuentra en una misma pantalla llamada \u201cCargar Vacas\u201d y requiere de 5 pasos obligados cuando se trata de un tratamiento para mastitis cl\u00ednica. Estos son:<\/p>                        <\/div>\n\n                    <\/div>\n\n                <\/div><!-- .elementskit-card END -->\n\n                \n                <div class=\"elementskit-card\">\n                    <div class=\"elementskit-card-header\" id=\"primaryHeading-2-b073dee\">\n                        <a href=\"#Collapse-23dc31469e5ce7a9befc\" class=\"ekit-accordion--toggler elementskit-btn-link collapsed\" data-ekit-toggle=\"collapse\" data-target=\"#Collapse-23dc31469e5ce7a9befc\" aria-expanded=\"false\" aria-controls=\"Collapse-23dc31469e5ce7a9befc\">\n                            \n                            <span class=\"ekit-accordion-title\">\u00bfQu\u00e9 se puede cargar?<\/span>\n\n                            \n                                <div class=\"ekit_accordion_icon_group\">\n                                    <div class=\"ekit_accordion_normal_icon\">\n                                        <!-- Normal Icon -->\n                                        <i aria-hidden=\"true\" class=\"icon-open icon-right icon icon-down-arrow1\"><\/i>                                    <\/div>\n\n                                    <div class=\"ekit_accordion_active_icon\">\n                                        <!-- Active Icon -->\n                                        <i aria-hidden=\"true\" class=\"icon-closed icon-right icon icon-up-arrow\"><\/i>                                    <\/div>\n\n                                <\/div>\n\n                            \n                                                    <\/a>\n                    <\/div>\n\n                    <div id=\"Collapse-23dc31469e5ce7a9befc\" class=\" collapse\" aria-labelledby=\"primaryHeading-2-b073dee\" data-parent=\"#accordion-69e5ce7a9befc\">\n\n                        <div class=\"elementskit-card-body ekit-accordion--content\">\n                            <p>Vacas a tratar por mastitis cl\u00ednica<br \/>Vacas a tratar por otras causas (rengas, metritis, infecciones, etc.)<br \/>Vacas que requieran descartar la leche (abortadas, calostro, en observaci\u00f3n, etc.)<br \/>Vacas con mastitis pero en espera hasta el resultado del cultivo en tambo<\/p>                        <\/div>\n\n                    <\/div>\n\n                <\/div><!-- .elementskit-card END -->\n\n                \n                <div class=\"elementskit-card\">\n                    <div class=\"elementskit-card-header\" id=\"primaryHeading-3-b073dee\">\n                        <a href=\"#Collapse-085dcc769e5ce7a9befc\" class=\"ekit-accordion--toggler elementskit-btn-link collapsed\" data-ekit-toggle=\"collapse\" data-target=\"#Collapse-085dcc769e5ce7a9befc\" aria-expanded=\"false\" aria-controls=\"Collapse-085dcc769e5ce7a9befc\">\n                            \n                            <span class=\"ekit-accordion-title\">\u00bfQu\u00e9 informaci\u00f3n aporta?<\/span>\n\n                            \n                                <div class=\"ekit_accordion_icon_group\">\n                                    <div class=\"ekit_accordion_normal_icon\">\n                                        <!-- Normal Icon -->\n                                        <i aria-hidden=\"true\" class=\"icon-open icon-right icon icon-down-arrow1\"><\/i>                                    <\/div>\n\n                                    <div class=\"ekit_accordion_active_icon\">\n                                        <!-- Active Icon -->\n                                        <i aria-hidden=\"true\" class=\"icon-closed icon-right icon icon-up-arrow\"><\/i>                                    <\/div>\n\n                                <\/div>\n\n                            \n                                                    <\/a>\n                    <\/div>\n\n                    <div id=\"Collapse-085dcc769e5ce7a9befc\" class=\" collapse\" aria-labelledby=\"primaryHeading-3-b073dee\" data-parent=\"#accordion-69e5ce7a9befc\">\n\n                        <div class=\"elementskit-card-body ekit-accordion--content\">\n                            <p>El software le brindar\u00e1 informaci\u00f3n de tratamientos anteriores efectuados sobre la vaca y el cuarto que est\u00e1 cargando. Tambi\u00e9n ser\u00e1 posible indicar vacas como cr\u00f3nicas a mastitis cl\u00ednica, para que al momento de la carga, aparezca como tal.<\/p><p>Es posible cargar cuartos anulados para que figuren como tal y evite errores.<\/p><p>Toda la informaci\u00f3n de cada una de las vacas, se va guardando en el historial del programa y es posible acceder a \u00e9l para consultar la historia de tratamientos, se podr\u00e1 saber cu\u00e1ntos tratamientos registra una vaca, la fecha de los mismos, la leche descartada, el cuarto, el grado de mastitis,<\/p><p>Podr\u00e1 calcular consumo de medicamentos usados para mastitis, en un per\u00edodo determinado.<\/p><p>La eficacia de cura de los tratamientos utilizados evaluados a 14 y\/o 21 d\u00edas.<\/p>                        <\/div>\n\n                    <\/div>\n\n                <\/div><!-- .elementskit-card END -->\n\n                        <\/div>\n    <\/div>\t\t<\/div>\n\t\t\t\t<\/div>\n\t\t\t\t\t<\/div>\n\t\t<\/div>\n\t\t\t\t\t\t\t<\/div>\n\t\t<\/section>\n\t\t\t\t\t<\/div>\n\t\t<\/div>\n\t\t\t\t\t\t\t<\/div>\n\t\t<\/section>\n\t\t\t\t<section class=\"elementor-section elementor-top-section elementor-element elementor-element-54f583d elementor-section-boxed elementor-section-height-default elementor-section-height-default\" data-id=\"54f583d\" data-element_type=\"section\">\n\t\t\t\t\t\t<div class=\"elementor-container elementor-column-gap-default\">\n\t\t\t\t\t<div class=\"elementor-column elementor-col-100 elementor-top-column elementor-element elementor-element-011336e\" data-id=\"011336e\" data-element_type=\"column\">\n\t\t\t<div class=\"elementor-widget-wrap elementor-element-populated\">\n\t\t\t\t\t\t\t\t<div class=\"elementor-element elementor-element-cae3c13 elementor-widget elementor-widget-image\" data-id=\"cae3c13\" data-element_type=\"widget\" data-widget_type=\"image.default\">\n\t\t\t\t<div class=\"elementor-widget-container\">\n\t\t\t\t\t\t\t\t\t\t\t\t\t\t\t<img width=\"1063\" height=\"591\" src=\"https:\/\/www.infomast.com.ar\/wp-content\/uploads\/2021\/05\/cow-grazing-in-the-meadow-LOW-1.jpg\" class=\"attachment-full size-full\" alt=\"\" loading=\"lazy\" srcset=\"https:\/\/www.infomast.com.ar\/wp-content\/uploads\/2021\/05\/cow-grazing-in-the-meadow-LOW-1.jpg 1063w, https:\/\/www.infomast.com.ar\/wp-content\/uploads\/2021\/05\/cow-grazing-in-the-meadow-LOW-1-300x167.jpg 300w, https:\/\/www.infomast.com.ar\/wp-content\/uploads\/2021\/05\/cow-grazing-in-the-meadow-LOW-1-1024x569.jpg 1024w, https:\/\/www.infomast.com.ar\/wp-content\/uploads\/2021\/05\/cow-grazing-in-the-meadow-LOW-1-768x427.jpg 768w\" sizes=\"(max-width: 1063px) 100vw, 1063px\" \/>\t\t\t\t\t\t\t\t\t\t\t\t\t\t\t<\/div>\n\t\t\t\t<\/div>\n\t\t\t\t\t<\/div>\n\t\t<\/div>\n\t\t\t\t\t\t\t<\/div>\n\t\t<\/section>\n\t\t\t\t<section class=\"elementor-section elementor-top-section elementor-element elementor-element-1e43de94 ops-section elementor-section-boxed elementor-section-height-default elementor-section-height-default\" data-id=\"1e43de94\" data-element_type=\"section\" data-settings=\"{&quot;background_background&quot;:&quot;classic&quot;,&quot;ekit_has_onepagescroll&quot;:&quot;section&quot;}\">\n\t\t\t\t\t\t<div class=\"elementor-container elementor-column-gap-default\">\n\t\t\t\t\t<div class=\"elementor-column elementor-col-100 elementor-top-column elementor-element elementor-element-533a1730\" data-id=\"533a1730\" data-element_type=\"column\">\n\t\t\t<div class=\"elementor-widget-wrap elementor-element-populated\">\n\t\t\t\t\t\t\t\t<div class=\"elementor-element elementor-element-7f8ad2b7 elementor-widget elementor-widget-elementskit-social-media\" data-id=\"7f8ad2b7\" data-element_type=\"widget\" data-widget_type=\"elementskit-social-media.default\">\n\t\t\t\t<div class=\"elementor-widget-container\">\n\t\t\t<div class=\"ekit-wid-con\" >\t\t\t <ul class=\"ekit_social_media\">\n\t\t\t\t\t\t\t\t\t\t\t\t\t\t<li class=\"elementor-repeater-item-8836016\">\n\t\t\t\t\t    <a\n\t\t\t\t\t\thref=\"https:\/\/www.facebook.com\/infomast.com.ar\/\" class=\"2\" >\n\t\t\t\t\t\t\t\t\t\t\t\t\t\t\n\t\t\t\t\t\t\t<i aria-hidden=\"true\" class=\"icon icon-facebook-2\"><\/i>\t\t\t\t\t\t\t\t\t\n                                                                                    Facebook                                                                                <\/a>\n                    <\/li>\n                    \t\t\t\t\t\t\t\t\t\t\t\t\t\t<li class=\"elementor-repeater-item-1ab062c\">\n\t\t\t\t\t    <a\n\t\t\t\t\t\thref=\"https:\/\/www.youtube.com\/channel\/UCpP7BHFmW5yUbVrow-lo1Mw\" class=\"v\" >\n\t\t\t\t\t\t\t\t\t\t\t\t\t\t\n\t\t\t\t\t\t\t<i aria-hidden=\"true\" class=\"icon icon-youtube-v\"><\/i>\t\t\t\t\t\t\t\t\t\n                                                                                    Youtube                                                                                <\/a>\n                    <\/li>\n                    \t\t\t\t\t\t\t\t\t\t\t\t\t\t<li class=\"elementor-repeater-item-14b5314\">\n\t\t\t\t\t    <a\n\t\t\t\t\t\thref=\"https:\/\/www.instagram.com\/infoMast_ok\/\" class=\"instagram\" >\n\t\t\t\t\t\t\t\t\t\t\t\t\t\t\n\t\t\t\t\t\t\t<i aria-hidden=\"true\" class=\"fab fa-instagram\"><\/i>\t\t\t\t\t\t\t\t\t\n                                                                                    Linkedin                                                                                <\/a>\n                    <\/li>\n                    \t\t\t\t\t\t\t<\/ul>\n\t\t <\/div>\t\t<\/div>\n\t\t\t\t<\/div>\n\t\t\t\t\t<\/div>\n\t\t<\/div>\n\t\t\t\t\t\t\t<\/div>\n\t\t<\/section>\n\t\t\t\t\t\t<\/div>\n\t\t\t\t\t<\/div>\n\t\t","protected":false},"excerpt":{"rendered":"<p>Descripci\u00f3n InfoMast\u00ae En el manual operativo, el usuario podr\u00e1 encontrar un detalle de cada uno de los puntos incluidos en el software. Pasos a seguir B\u00e1sicamente los pasos a seguir para su utilizaci\u00f3n son los siguientes: 1\u00ba. Descargarlo desde la web2\u00ba. Seleccionar con cu\u00e1ntos orde\u00f1os diarios va a ser utilizado el programa3\u00ba. Cargar los nombres &hellip;<\/p>\n<p class=\"read-more\"> <a class=\"\" href=\"https:\/\/www.infomast.com.ar\/index.php\/caracteristicas-del-software\/\"> <span class=\"screen-reader-text\">Caracter\u00edsticas del Software<\/span> Read More &raquo;<\/a><\/p>\n","protected":false},"author":2,"featured_media":0,"parent":0,"menu_order":0,"comment_status":"closed","ping_status":"closed","template":"","meta":[],"_links":{"self":[{"href":"https:\/\/www.infomast.com.ar\/index.php\/wp-json\/wp\/v2\/pages\/552"}],"collection":[{"href":"https:\/\/www.infomast.com.ar\/index.php\/wp-json\/wp\/v2\/pages"}],"about":[{"href":"https:\/\/www.infomast.com.ar\/index.php\/wp-json\/wp\/v2\/types\/page"}],"author":[{"embeddable":true,"href":"https:\/\/www.infomast.com.ar\/index.php\/wp-json\/wp\/v2\/users\/2"}],"replies":[{"embeddable":true,"href":"https:\/\/www.infomast.com.ar\/index.php\/wp-json\/wp\/v2\/comments?post=552"}],"version-history":[{"count":27,"href":"https:\/\/www.infomast.com.ar\/index.php\/wp-json\/wp\/v2\/pages\/552\/revisions"}],"predecessor-version":[{"id":802,"href":"https:\/\/www.infomast.com.ar\/index.php\/wp-json\/wp\/v2\/pages\/552\/revisions\/802"}],"wp:attachment":[{"href":"https:\/\/www.infomast.com.ar\/index.php\/wp-json\/wp\/v2\/media?parent=552"}],"curies":[{"name":"wp","href":"https:\/\/api.w.org\/{rel}","templated":true}]}}